{"id":10,"date":"2026-02-20T18:47:58","date_gmt":"2026-02-20T17:47:58","guid":{"rendered":"https:\/\/5-ht7r.org\/?page_id=10"},"modified":"2026-03-21T18:47:11","modified_gmt":"2026-03-21T17:47:11","slug":"consortium","status":"publish","type":"page","link":"https:\/\/5-ht7r.org\/?page_id=10","title":{"rendered":"Consortium"},"content":{"rendered":"\n<link rel='stylesheet' id='40-css'  href='https:\/\/5-ht7r.org\/wp-content\/uploads\/winp-css-js\/40.css?ver=1771777439' type='text\/css' media='all' \/>\n\n\n\n<p>In 2024, thanks to funding from <strong>Le Studium<\/strong>, we established a research consortium bringing together scientists working on serotonin and the <strong>5-HT7 receptor<\/strong>. The objective of this consortium was to organize an international conference dedicated to the 5-HT7 receptor (which will take place on May 5-7 2026) and to develop <strong>a website specifically devoted to this receptor<\/strong>.<br>We therefore created this website, designed by scientists for the scientific community, with the aim of facilitating access to information and promoting collaboration among researchers working on the 5-HT7 receptor.<\/p>\n\n\n<div class=\"containerYS\">\r\n  <header style=\"text-align:center;\">\r\n    <!-- <h2 style=\"text-align:center;\">\ud83e\uddec A Website by Scientists FOR Scientists<\/h2>\r\n\t<h2 style=\"text-align:center;\">in serotonin research with focus on 5-HT<sub>7<\/sub> receptor<\/h2> -->\r\n    <div style=\"margin-top:1rem; color:rgba(255,255,255,0.8); font-size:0.9rem;\">\r\n      <span id=\"scrollHint\">\u2190 Faites d\u00e9filer pour voir tous les membres \u2192<\/span>\r\n    <\/div>\r\n  <\/header>\r\n  \r\n  <!-- Grille des membres -->\r\n  <div class=\"team-grid\" id=\"teamGrid\"><\/div>\r\n<\/div>\r\n\r\n<h2 class=\"wp-block-heading has-text-align-center\">Collaborators<\/h2>\r\n\r\n<div style=\"display:flex; justify-content:space-around;padding:0px 180px 0px 180px;\">\r\n\t<div style=\"align-items:center;width:15%;display:flex;flex-direction:column \">\t\r\n\t\t<div style=\"margin:0px 0px 0px 0px;border:0px solid #000;border-radius:50px;width:110px;height:140px;z-index:10;overflow:hidden\">\r\n\t\t\t<img style=\"object-fit:cover;position:relative;z-index:0;\" decoding=\"async\" src=\"https:\/\/5-ht7r.org\/wp-content\/uploads\/2026\/02\/suzenet-franck.jpg\" alt=\"\"  \/>\r\n\t\t<\/div>\r\n\t\t<div style=\"padding:10px;margin:10px;text-align:center;border-radius:30px;width:200px;height:80px;background-color:lightblue\">\r\n\t\t\t<p class=\"\">Franck Suzenet<br>(ICOA, Orl\u00e9ans)<\/p>\r\n\t\t<\/div>\r\n\t<\/div>\t\r\n\t<div style=\"width:20%;\">\r\n\t  <svg xmlns=\"http:\/\/www.w3.org\/2000\/svg\" viewbox=\"0 0 240 160\" width=\"240\" height=\"160\">\r\n\t  <!-- \u2500\u2500 RIGHT ARROW (\u2198 45\u00b0): down-pointing arrow rotated +45\u00b0 \u2500\u2500 -->\r\n\t  <g transform=\"rotate(55, 150, 22)\">\r\n\t\t<polygon points=\"196,14 232,14 232,80 248,80 214,128 180,80 196,80\"\r\n\t\t  fill=\"#030810\" stroke=\"#1a7fff\" stroke-width=\"1.8\" stroke-linejoin=\"round\"\/>\r\n\t\t<polygon points=\"196,14 232,14 232,80 248,80 214,128 180,80 196,80\"\r\n\t\t  fill=\"url(#blueR)\" mask=\"url(#maskR)\" filter=\"url(#glow)\"\/>\r\n\t\t<polygon points=\"196,14 232,14 232,80 248,80 214,128 180,80 196,80\"\r\n\t\t  fill=\"none\" stroke=\"#60b8f0\" stroke-width=\"1.8\" stroke-linejoin=\"round\"\/>\r\n\t  <\/g>\r\n\t<\/svg>\r\n\t<\/div>\t\t\r\n\t<div style=\"padding: 10px;margin : 10px;text-align:center;border-radius:30px;height:100px;background-color:lightblue\">\r\n\t\t<p>With two Centre Val de Loire district\u2019s collaborators and Student\u2019s supports<\/p>\r\n\t<\/div>\r\n\t<div style=\"width:20%;\">\r\n\t  <svg xmlns=\"http:\/\/www.w3.org\/2000\/svg\" viewbox=\"0 0 240 160\" width=\"240\" height=\"160\">\r\n\t  <!-- \u2500\u2500 LEFT ARROW (\u2199 45\u00b0): down-pointing arrow rotated -45\u00b0 \u2500\u2500 -->\r\n\t  <g transform=\"rotate(-55, 130, 142)\">\r\n\t\t<!-- Dark base -->\r\n\t\t<polygon points=\"108,14 144,14 144,80 160,80 126,128 92,80 108,80\"\r\n\t\t  fill=\"#030810\" stroke=\"#1a7fff\" stroke-width=\"1.8\" stroke-linejoin=\"round\"\/>\r\n\t\t<!-- Animated fill -->\r\n\t\t<polygon points=\"108,14 144,14 144,80 160,80 126,128 92,80 108,80\"\r\n\t\t  fill=\"url(#blueL)\" mask=\"url(#maskL)\" filter=\"url(#glow)\"\/>\r\n\t\t<!-- Border on top -->\r\n\t\t<polygon points=\"108,14 144,14 144,80 160,80 126,128 92,80 108,80\"\r\n\t\t  fill=\"none\" stroke=\"#60b8f0\" stroke-width=\"1.8\" stroke-linejoin=\"round\"\/>\r\n\t  <\/g>\r\n\t  <\/svg>\r\n\t<\/div>\r\n\t<div style=\"align-items: center;width:15%;display:flex;flex-direction:column\">\t\r\n\t\t<div style=\"border:0px solid #000;border-radius:50px;width:110px;height:140px;z-index:10;overflow:hidden\">\r\n\t\t\t<img loading=\"lazy\" width=\"225\" height=\"184\" decoding=\"async\" src=\"https:\/\/5-ht7r.org\/wp-content\/uploads\/2026\/02\/maud.png\" alt=\"\" class=\"wp-image-374\" style=\"\"\/>\r\n\t\t<\/div>\r\n\r\n\t\t<div style=\"padding:10px;margin:10px;text-align:center;border-radius:30px;height:80px;width:200px;background-color:lightblue\">\r\n\t\t\t<p>Maud Pallix-Guyot<br>(CHU, Orl\u00e9ans)<\/p>\r\n\t\t<\/div>\r\n\r\n\t<\/div>\r\n<\/div>\r\n\r\n<!-- Modal pour images -->\r\n<div class=\"modal\" id=\"imageModal\" onclick=\"closeModal()\">\r\n  <span class=\"modal-close\">\u00d7<\/span>\r\n  <img class=\"modal-content\" id=\"modalImage\">\r\n<\/div>\r\n\r\n\r\n\r\n\r\n\r\n<script>\r\n\/\/ Donn\u00e9es des membres du consortium\r\nlet teamMembers = [\r\n  {\r\n    name: \"S\u00e9verine Morisset-Lopez\",\r\n    title: \"Directrice de Recherche\",\r\n    affiliation: \"France\",\r\n    description: [ \r\n\t\t\"20+ years experience in <span class='tooltipsall tooltipsincontent classtoolTips5'>GPCR<\/span> field\",\r\n\t\t\"Head of NeuRIT Team of CBM\",\r\n\t\t\"Expertise in molecular and cellular pharmacology of 5-HT<sub>7<\/sub>R(cell signaling, biophysics metrods (BRET, FRET ...))\",\r\n\t\t\"Study the role of 5-HT<sub>7<\/sub>R in brain disorders and discovered new 5-HT<sub>7<\/sub> biased ligands as pain killers\"\r\n\t],\r\n    tags: [\"Biologie synth\u00e9tique\", \"M\u00e9tabolisme\"],\r\n    email: \"severine.morisset-lopez@cnrs-orleans.fr\",\r\n    orcid: \"0000-0005-6789-0123\",\r\n\turl :\"\",\r\n    image: \"https:\/\/5-ht7r.org\/wp-content\/uploads\/2026\/02\/Prof.-Severine-Morisset-Lopez_uwp_avatar_thumb.png\",\r\n    icon: \"\ud83d\udc69\u200d\ud83d\udd2c\"\r\n  }\t\t\r\n,\r\n  {\r\n    name: \"Andrzej Bojarski\",\r\n    title: \"Charg\u00e9e de Recherche\",\r\n    affiliation: \"Poland\",\r\n    description: [\"30+ years experience in GPCR field, 5-HT in particular.\",\r\n\t\t\t\t \"Head of a team of molecular modelers, synthetic chemists and biochemists\",\r\n\t\t\t\t \"MC member of Glisten and Ernest Cost Actions - GPCR oriented\",\r\n\t\t\t\t \"Ligand design, vitual screeming, synthesis in vitro characterization\"],\r\n    tags: [\"Biologie cellulaire\", \"Oncologie\"],\r\n    email: \"marie.laurent@inserm.fr\",\r\n    orcid: \"0000-0003-4567-8901\",\r\n\turl :\"\",\r\n    image: \"https:\/\/5-ht7r.org\/wp-content\/uploads\/2026\/02\/1661854762095.jpeg\",\r\n    icon: \"\ud83d\udc69\u200d\u2695\ufe0f\"\r\n  },\r\n  {\r\n    name: \"Stephanie Watts\",\r\n    title: \"Professor\",\r\n    affiliation: \"United States\",\r\n    description: [\"30+ years experience in 5-HT field\",\r\n\t\t\t\t \"Part of IUPHAR 5-HT receptor nomenclature committee\",\r\n\t\t\t\t \"5-HT7R and hypertension cardiovascular disease\",\r\n\t\t\t\t \"Expertise in serotonergic pharmacology and specifically venous serotonergic mechanism\"],\r\n    tags: [\"Pharmacology\",\"Toxicology\"],\r\n    email: \"wattss@msu.edu\",\r\n    orcid: \"0000-0004-5678-9012\",\r\n\turl : \"https:\/\/osteopathicmedicine.msu.edu\/info\/faculty-staff-directory\/view-staff-member\/334\/stephanie-watts\", \r\n    image: \"https:\/\/5-ht7r.org\/wp-content\/uploads\/2026\/02\/stephanie-watts.webp\",\r\n    icon: \"\ud83d\udc68\u200d\ud83d\udcbb\"\r\n  },\r\n  {\r\n    name: \"Michael Bader\",\r\n    title: \"Directrice de Recherche\",\r\n    affiliation: \"Germany\",\r\n    description: [\"20+ years experience in 5-HT field\",\r\n\t\t\t\t \"Discovered serotonin synthetising enzymes and serotonization\",\r\n\t\t\t\t \"Transgenic and knockout animal models for central nd peripheral serotonin\",\r\n\t\t\t\t \"Drug development for serotonin synthesis inhibition\"],\r\n    tags: [\"G\u00e9nomique\", \"Microbiologie\"],\r\n    email: \"sophie.martin@pasteur.fr\",\r\n    orcid: \"0000-0003-4780-4164\",\r\n\turl :\"\",\r\n    image: \"https:\/\/5-ht7r.org\/wp-content\/uploads\/2026\/02\/1379719828be9ee6b08ca64edb818e2b-1504542671.jpg\", \/\/ Laisser vide pour placeholder\r\n    icon: \"\ud83d\udc69\u200d\ud83d\udd2c\"\r\n  },\r\n  {\r\n    name: \"Kara Margoulis\",\r\n    title: \"Directrice de Laboratoire\",\r\n    affiliation: \"United States\",\r\n    description: [\"15+ of research experience in the field of gut 5-HT signaling and gut to brain communication\",\r\n\t\t\t\t \"Pediatric gastroenterologist, inical expertise in children with gut-brain axis disorders and in the effects of SSRIs on gut-brain axis disorders\",\r\n\t\t\t\t \"Discovered novel roles for gut epiphelial, gut neuronal 5-HT and SERT in intestinal inflammatory diseases as well as mood and neurobehavioral disorders\",\r\n\t\t\t\t \"Expertise in the role of 5-HT in ENS development and function as well as afferent signaling\"],\r\n    tags: [\"Biologie synth\u00e9tique\", \"M\u00e9tabolisme\"],\r\n    email: \"claire.bernard@cea.fr\",\r\n    orcid: \"0000-0005-6789-0123\",\r\n\turl :\"\",\r\n    image: \"https:\/\/5-ht7r.org\/wp-content\/uploads\/2026\/02\/img930967.jpg\",\r\n    icon: \"\ud83d\udc69\u200d\ud83d\udd2c\"\r\n  }\t\r\n\r\n];\r\n\r\n\/\/ G\u00e9n\u00e9rer les cartes\r\nfunction renderCards() {\r\n  const grid = document.getElementById('teamGrid');\r\n  grid.innerHTML = '';\r\n  \r\n  teamMembers.forEach((member, index) => {\r\n    const card = document.createElement('div');\r\n    card.className = 'card';\r\n    \r\n    card.innerHTML = `\r\n      <div class=\"card-image\" >\r\n        ${member.image ? \r\n          `<a href=\"${member.url}\" target=\"_blank\"><img decoding=\"async\" src=\"${member.image}\" alt=\"${member.name}\"><\/a>` :\r\n          `<div class=\"placeholder-image\">${member.icon}<\/div>`\r\n        }\r\n        <div class=\"card-overlay\">\r\n          <div class=\"card-name\">${member.name}<\/div>\r\n          <div class=\"card-title\">${member.title}<\/div>\r\n        <\/div>\r\n      <\/div>\r\n      \r\n      <div class=\"card-content\">\r\n        <div class=\"card-affiliation\">\r\n          <div class=\"card-affiliation-icon\">\ud83c\udfdb\ufe0f<\/div>\r\n          <div class=\"card-affiliation-text\">${member.affiliation}<\/div>\r\n        <\/div>\r\n        \r\n        <div class=\"card-description\">\r\n          ${member.description.map(elem=>`<li class=\"activities\">${elem}<\/li>`).join('')}\r\n        <\/div>\r\n        \r\n        <div class=\"card-tags\">\r\n          ${member.tags.map(tag => `<span class=\"tag\">${tag}<\/span>`).join('')}\r\n        <\/div>\r\n        \r\n        <div class=\"card-contact\">\r\n          <a href=\"mailto:${member.email}\" class=\"contact-btn\">\r\n            \ud83d\udce7 Contact\r\n          <\/a>\r\n          <a href=\"https:\/\/orcid.org\/${member.orcid}\" target=\"_blank\" class=\"contact-btn\">\r\n            \ud83d\udd2c ORCID\r\n          <\/a>\r\n        <\/div>\r\n      <\/div>\r\n    `;\r\n    \r\n    grid.appendChild(card);\r\n  });\r\n}\r\n\r\n\/\/ G\u00e9n\u00e9rer le formulaire d'\u00e9dition\r\nfunction renderEditForm() {\r\n  const container = document.getElementById('editFormContent');\r\n  container.innerHTML = '';\r\n  \r\n  teamMembers.forEach((member, index) => {\r\n    const section = document.createElement('div');\r\n    section.style.marginBottom = '2rem';\r\n    section.style.padding = '1.5rem';\r\n    section.style.background = '#f9fafb';\r\n    section.style.borderRadius = '0.5rem';\r\n    \r\n    section.innerHTML = `\r\n      <h3 style=\"color:#667eea; margin-bottom:1rem;\">${member.icon} ${member.name}<\/h3>\r\n      <div class=\"form-grid\">\r\n        <div class=\"form-group\">\r\n          <label>Nom complet<\/label>\r\n          <input type=\"text\" value=\"${member.name}\" onchange=\"updateMember(${index}, 'name', this.value)\">\r\n        <\/div>\r\n        <div class=\"form-group\">\r\n          <label>Titre<\/label>\r\n          <input type=\"text\" value=\"${member.title}\" onchange=\"updateMember(${index}, 'title', this.value)\">\r\n        <\/div>\r\n        <div class=\"form-group\">\r\n          <label>Affiliation<\/label>\r\n          <input type=\"text\" value=\"${member.affiliation}\" onchange=\"updateMember(${index}, 'affiliation', this.value)\">\r\n        <\/div>\r\n        <div class=\"form-group\">\r\n          <label>Description<\/label>\r\n          <textarea onchange=\"updateMember(${index}, 'description', this.value)\">${member.description}<\/textarea>\r\n        <\/div>\r\n        <div class=\"form-group\">\r\n          <label>Tags (s\u00e9par\u00e9s par des virgules)<\/label>\r\n          <input type=\"text\" value=\"${member.tags.join(', ')}\" onchange=\"updateMember(${index}, 'tags', this.value.split(',').map(t => t.trim()))\">\r\n        <\/div>\r\n        <div class=\"form-group\">\r\n          <label>Email<\/label>\r\n          <input type=\"email\" value=\"${member.email}\" onchange=\"updateMember(${index}, 'email', this.value)\">\r\n        <\/div>\r\n        <div class=\"form-group\">\r\n          <label>ORCID<\/label>\r\n          <input type=\"text\" value=\"${member.orcid}\" onchange=\"updateMember(${index}, 'orcid', this.value)\">\r\n        <\/div>\r\n        <div class=\"form-group\">\r\n          <label>URL de l'image (optionnel)<\/label>\r\n          <input type=\"url\" value=\"${member.image}\" onchange=\"updateMember(${index}, 'image', this.value)\" placeholder=\"https:\/\/exemple.com\/photo.jpg\">\r\n        <\/div>\r\n        <div class=\"form-group\">\r\n          <label>Ic\u00f4ne emoji<\/label>\r\n          <input type=\"text\" value=\"${member.icon}\" onchange=\"updateMember(${index}, 'icon', this.value)\" maxlength=\"2\">\r\n        <\/div>\r\n      <\/div>\r\n    `;\r\n    \r\n    container.appendChild(section);\r\n  });\r\n  \r\n  const actions = document.createElement('div');\r\n  actions.className = 'form-actions';\r\n  actions.innerHTML = `\r\n    <button class=\"btn btn-primary\" onclick=\"applyChanges()\">\u2705 Mettre \u00e0 jour l'affichage<\/button>\r\n    <button class=\"btn btn-secondary\" onclick=\"resetData()\">\u21bb R\u00e9initialiser<\/button>\r\n  `;\r\n  container.appendChild(actions);\r\n}\r\n\r\n\/\/ Mise \u00e0 jour des donn\u00e9es\r\nfunction updateMember(index, field, value) {\r\n  teamMembers[index][field] = value;\r\n}\r\n\r\nfunction applyChanges() {\r\n  renderCards();\r\n  alert('\u2705 Les modifications ont \u00e9t\u00e9 appliqu\u00e9es !');\r\n}\r\n\r\nfunction resetData() {\r\n  location.reload();\r\n}\r\n\r\n\/\/ Toggle du formulaire d'\u00e9dition\r\nfunction toggleEditForm() {\r\n  const form = document.getElementById('editForm');\r\n  form.classList.toggle('active');\r\n  \r\n  if (form.classList.contains('active')) {\r\n    renderEditForm();\r\n  }\r\n}\r\n\r\n\/\/ Modal pour agrandir l'image\r\nfunction openModal(event, index) {\r\n  event.stopPropagation();\r\n  const member = teamMembers[index];\r\n  \r\n  if (!member.image) return;\r\n  \r\n  const modal = document.getElementById('imageModal');\r\n  const modalImg = document.getElementById('modalImage');\r\n  \r\n  modal.classList.add('active');\r\n  modalImg.src = member.image;\r\n}\r\n\r\nfunction closeModal() {\r\n  document.getElementById('imageModal').classList.remove('active');\r\n}\r\n\r\n\/\/ Initialisation\r\nrenderCards();\r\n\r\n\/\/ Masquer le hint de scroll sur desktop large\r\nwindow.addEventListener('resize', updateScrollHint);\r\nupdateScrollHint();\r\n\r\nfunction updateScrollHint() {\r\n  const hint = document.getElementById('scrollHint');\r\n  if (window.innerWidth >= 1200) {\r\n    hint.style.display = 'none';\r\n  } else {\r\n    hint.style.display = 'inline';\r\n  }\r\n}\r\n\r\n\/\/ Smooth scroll avec boutons fl\u00e9ch\u00e9s (optionnel)\r\nconst teamGrid = document.getElementById('teamGrid');\r\nlet isDown = false;\r\nlet startX;\r\nlet scrollLeft;\r\n\r\nteamGrid.addEventListener('mousedown', (e) => {\r\n  isDown = true;\r\n  teamGrid.style.cursor = 'grabbing';\r\n  startX = e.pageX - teamGrid.offsetLeft;\r\n  scrollLeft = teamGrid.scrollLeft;\r\n});\r\n\r\nteamGrid.addEventListener('mouseleave', () => {\r\n  isDown = false;\r\n  teamGrid.style.cursor = 'default';\r\n});\r\n\r\nteamGrid.addEventListener('mouseup', () => {\r\n  isDown = false;\r\n  teamGrid.style.cursor = 'default';\r\n});\r\n\r\nteamGrid.addEventListener('mousemove', (e) => {\r\n  if (!isDown) return;\r\n  e.preventDefault();\r\n  const x = e.pageX - teamGrid.offsetLeft;\r\n  const walk = (x - startX) * 2;\r\n  teamGrid.scrollLeft = scrollLeft - walk;\r\n});\r\n<\/script>\r\n\r\n<\/body>\r\n<\/html>\n\n\n<p><\/p>\n<script type=\"text\/javascript\"> toolTips('.classtoolTips2','<a href=\"https:\/\/iuphar.org\/\"><img class=\"alignnone size-full wp-image-286\" src=\"https:\/\/5-ht7r.org\/wp-content\/uploads\/2026\/02\/IUPHAR-Logo-1.webp\" alt=\"\" width=\"150\" height=\"50\" \/><\/a>'); <\/script><script type=\"text\/javascript\"> toolTips('.classtoolTips5','<b>G protein-coupled receptors<\/b>'); <\/script>","protected":false},"excerpt":{"rendered":"<p>In 2024, thanks to funding from Le Studium, we established a research consortium bringing together scientists working on serotonin and the 5-HT7 receptor. The objective of this consortium was to organize an international conference dedicated to the 5-HT7 receptor (which will take place on May 5-7 2026) and to develop a website specifically devoted to [&hellip;]<\/p>\n","protected":false},"author":1,"featured_media":0,"parent":0,"menu_order":0,"comment_status":"closed","ping_status":"closed","template":"","meta":{"footnotes":""},"class_list":["post-10","page","type-page","status-publish","hentry"],"_links":{"self":[{"href":"https:\/\/5-ht7r.org\/index.php?rest_route=\/wp\/v2\/pages\/10","targetHints":{"allow":["GET"]}}],"collection":[{"href":"https:\/\/5-ht7r.org\/index.php?rest_route=\/wp\/v2\/pages"}],"about":[{"href":"https:\/\/5-ht7r.org\/index.php?rest_route=\/wp\/v2\/types\/page"}],"author":[{"embeddable":true,"href":"https:\/\/5-ht7r.org\/index.php?rest_route=\/wp\/v2\/users\/1"}],"replies":[{"embeddable":true,"href":"https:\/\/5-ht7r.org\/index.php?rest_route=%2Fwp%2Fv2%2Fcomments&post=10"}],"version-history":[{"count":21,"href":"https:\/\/5-ht7r.org\/index.php?rest_route=\/wp\/v2\/pages\/10\/revisions"}],"predecessor-version":[{"id":660,"href":"https:\/\/5-ht7r.org\/index.php?rest_route=\/wp\/v2\/pages\/10\/revisions\/660"}],"wp:attachment":[{"href":"https:\/\/5-ht7r.org\/index.php?rest_route=%2Fwp%2Fv2%2Fmedia&parent=10"}],"curies":[{"name":"wp","href":"https:\/\/api.w.org\/{rel}","templated":true}]}}